{"id":5595,"date":"2026-02-07T16:49:28","date_gmt":"2026-02-07T15:49:28","guid":{"rendered":"https:\/\/mettry.io\/?page_id=5595"},"modified":"2026-02-08T19:19:55","modified_gmt":"2026-02-08T18:19:55","slug":"migrer-vers-mettry","status":"publish","type":"page","link":"https:\/\/mettry.io\/?page_id=5595","title":{"rendered":"Migrer vers Mettry"},"content":{"rendered":"\t\t<div data-elementor-type=\"wp-page\" data-elementor-id=\"5595\" class=\"elementor elementor-5595\" data-elementor-settings=\"[]\">\n\t\t\t\t\t\t\t<div class=\"elementor-section-wrap\">\n\t\t\t\t\t\t\t<section class=\"elementor-section elementor-top-section elementor-element elementor-element-072bb9a elementor-section-boxed elementor-section-height-default elementor-section-height-default\" data-id=\"072bb9a\" data-element_type=\"section\">\n\t\t\t\t\t\t<div class=\"elementor-container elementor-column-gap-default\">\n\t\t\t\t\t<div class=\"elementor-column elementor-col-100 elementor-top-column elementor-element elementor-element-fd6e474 ot-flex-column-vertical\" data-id=\"fd6e474\" data-element_type=\"column\">\n\t\t\t<div class=\"elementor-widget-wrap elementor-element-populated\">\n\t\t\t\t\t\t\t\t<section class=\"elementor-section elementor-inner-section elementor-element elementor-element-25dc595 elementor-section-full_width elementor-section-content-middle elementor-section-height-default elementor-section-height-default\" data-id=\"25dc595\" data-element_type=\"section\">\n\t\t\t\t\t\t<div class=\"elementor-container elementor-column-gap-no\">\n\t\t\t\t\t<div class=\"elementor-column elementor-col-50 elementor-inner-column elementor-element elementor-element-7ae2da6 ot-flex-column-vertical\" data-id=\"7ae2da6\" data-element_type=\"column\">\n\t\t\t<div class=\"elementor-widget-wrap elementor-element-populated\">\n\t\t\t\t\t\t\t\t<div class=\"elementor-element elementor-element-5930d20 elementor-widget elementor-widget-spacer\" data-id=\"5930d20\" data-element_type=\"widget\" data-widget_type=\"spacer.default\">\n\t\t\t\t<div class=\"elementor-widget-container\">\n\t\t\t\t\t<div class=\"elementor-spacer\">\n\t\t\t<div class=\"elementor-spacer-inner\"><\/div>\n\t\t<\/div>\n\t\t\t\t<\/div>\n\t\t\t\t<\/div>\n\t\t\t\t<div class=\"elementor-element elementor-element-3f2b7ac elementor-widget elementor-widget-heading\" data-id=\"3f2b7ac\" data-element_type=\"widget\" data-widget_type=\"heading.default\">\n\t\t\t\t<div class=\"elementor-widget-container\">\n\t\t\t<style>\/*! elementor - v3.5.4 - 23-01-2022 *\/\n.elementor-heading-title{padding:0;margin:0;line-height:1}.elementor-widget-heading .elementor-heading-title[class*=elementor-size-]>a{color:inherit;font-size:inherit;line-height:inherit}.elementor-widget-heading .elementor-heading-title.elementor-size-small{font-size:15px}.elementor-widget-heading .elementor-heading-title.elementor-size-medium{font-size:19px}.elementor-widget-heading .elementor-heading-title.elementor-size-large{font-size:29px}.elementor-widget-heading .elementor-heading-title.elementor-size-xl{font-size:39px}.elementor-widget-heading .elementor-heading-title.elementor-size-xxl{font-size:59px}<\/style><h6 class=\"elementor-heading-title elementor-size-default\">On le sait tous<\/h6>\t\t<\/div>\n\t\t\t\t<\/div>\n\t\t\t\t<div class=\"elementor-element elementor-element-089451b elementor-widget elementor-widget-heading\" data-id=\"089451b\" data-element_type=\"widget\" data-widget_type=\"heading.default\">\n\t\t\t\t<div class=\"elementor-widget-container\">\n\t\t\t<h2 class=\"elementor-heading-title elementor-size-default\">Changer d'outil, c'est perdre son historique et ses donn\u00e9es<\/h2>\t\t<\/div>\n\t\t\t\t<\/div>\n\t\t\t\t<div class=\"elementor-element elementor-element-7548788 elementor-widget elementor-widget-text-editor\" data-id=\"7548788\" data-element_type=\"widget\" data-widget_type=\"text-editor.default\">\n\t\t\t\t<div class=\"elementor-widget-container\">\n\t\t\t<style>\/*! elementor - v3.5.4 - 23-01-2022 *\/\n.elementor-widget-text-editor.elementor-drop-cap-view-stacked .elementor-drop-cap{background-color:#818a91;color:#fff}.elementor-widget-text-editor.elementor-drop-cap-view-framed .elementor-drop-cap{color:#818a91;border:3px solid;background-color:transparent}.elementor-widget-text-editor:not(.elementor-drop-cap-view-default) .elementor-drop-cap{margin-top:8px}.elementor-widget-text-editor:not(.elementor-drop-cap-view-default) .elementor-drop-cap-letter{width:1em;height:1em}.elementor-widget-text-editor .elementor-drop-cap{float:left;text-align:center;line-height:1;font-size:50px}.elementor-widget-text-editor .elementor-drop-cap-letter{display:inline-block}<\/style>\t\t\t\t<p>Parce qu&rsquo;une migration mal orchestr\u00e9e g\u00e9n\u00e8re un risque de pertes important<\/p>\t\t\t\t\t\t<\/div>\n\t\t\t\t<\/div>\n\t\t\t\t<div class=\"elementor-element elementor-element-db111d5 elementor-tablet-align-center btn-inline elementor-widget elementor-widget-ibutton\" data-id=\"db111d5\" data-element_type=\"widget\" data-widget_type=\"ibutton.default\">\n\t\t\t\t<div class=\"elementor-widget-container\">\n\t\t\t\t\t<div class=\"ot-button\">\r\n\t\t\t<a href=\"https:\/\/calendly.com\/demo-mettry\/reservation\" class=\"octf-btn octf-btn-primary octf-btn-icon\"><span>Discutons-en<i class=\"flaticon-right-arrow-1\"><\/i><\/span> \r\n\t\t\t\t\t\t\t<\/a>\r\n\t    <\/div>\r\n\t    \t\t<\/div>\n\t\t\t\t<\/div>\n\t\t\t\t\t<\/div>\n\t\t<\/div>\n\t\t\t\t<div class=\"elementor-column elementor-col-50 elementor-inner-column elementor-element elementor-element-6da0141 ot-flex-column-vertical\" data-id=\"6da0141\" data-element_type=\"column\">\n\t\t\t<div class=\"elementor-widget-wrap elementor-element-populated\">\n\t\t\t\t\t\t\t\t<div class=\"elementor-element elementor-element-6afa19d elementor-widget elementor-widget-image\" data-id=\"6afa19d\" data-element_type=\"widget\" data-widget_type=\"image.default\">\n\t\t\t\t<div class=\"elementor-widget-container\">\n\t\t\t<style>\/*! elementor - v3.5.4 - 23-01-2022 *\/\n.elementor-widget-image{text-align:center}.elementor-widget-image a{display:inline-block}.elementor-widget-image a img[src$=\".svg\"]{width:48px}.elementor-widget-image img{vertical-align:middle;display:inline-block}<\/style>\t\t\t\t\t\t\t\t\t\t\t\t<img loading=\"lazy\" decoding=\"async\" width=\"272\" height=\"302\" src=\"https:\/\/mettry.io\/wp-content\/uploads\/2026\/02\/data-migration.png\" class=\"attachment-large size-large\" alt=\"\" srcset=\"https:\/\/mettry.io\/wp-content\/uploads\/2026\/02\/data-migration.png 272w, https:\/\/mettry.io\/wp-content\/uploads\/2026\/02\/data-migration-270x300.png 270w\" sizes=\"auto, (max-width: 272px) 100vw, 272px\" \/>\t\t\t\t\t\t\t\t\t\t\t\t\t\t\t<\/div>\n\t\t\t\t<\/div>\n\t\t\t\t\t<\/div>\n\t\t<\/div>\n\t\t\t\t\t\t\t<\/div>\n\t\t<\/section>\n\t\t\t\t\t<\/div>\n\t\t<\/div>\n\t\t\t\t\t\t\t<\/div>\n\t\t<\/section>\n\t\t\t\t<section class=\"elementor-section elementor-top-section elementor-element elementor-element-7df4481 elementor-section-boxed elementor-section-height-default elementor-section-height-default\" data-id=\"7df4481\" data-element_type=\"section\">\n\t\t\t\t\t\t<div class=\"elementor-container elementor-column-gap-default\">\n\t\t\t\t\t<div class=\"elementor-column elementor-col-100 elementor-top-column elementor-element elementor-element-4704ad2 ot-flex-column-vertical\" data-id=\"4704ad2\" data-element_type=\"column\">\n\t\t\t<div class=\"elementor-widget-wrap elementor-element-populated\">\n\t\t\t\t\t\t\t\t<div class=\"elementor-element elementor-element-13259f7 elementor-widget elementor-widget-iheading\" data-id=\"13259f7\" data-element_type=\"widget\" data-widget_type=\"iheading.default\">\n\t\t\t\t<div class=\"elementor-widget-container\">\n\t\t\t\t\t<div class=\"ot-heading center-align\">\r\n\t\t\t\r\n\t\t\t\t\r\n\r\n\t         \r\n\r\n\t        \t        \t<h2 class=\"main-heading\">Mais pas avec Mettry !<br><br>\nNos d\u00e9veloppeurs organisent votre migration<\/h2>\r\n\t        \t    <\/div>\r\n\t    \t\t<\/div>\n\t\t\t\t<\/div>\n\t\t\t\t<section class=\"elementor-section elementor-inner-section elementor-element elementor-element-49be570 elementor-section-full_width elementor-section-height-default elementor-section-height-default\" data-id=\"49be570\" data-element_type=\"section\">\n\t\t\t\t\t\t<div class=\"elementor-container elementor-column-gap-extended\">\n\t\t\t\t\t<div class=\"elementor-column elementor-col-25 elementor-inner-column elementor-element elementor-element-a02c5cd ot-flex-column-vertical\" data-id=\"a02c5cd\" data-element_type=\"column\">\n\t\t\t<div class=\"elementor-widget-wrap elementor-element-populated\">\n\t\t\t\t\t\t\t\t<div class=\"elementor-element elementor-element-9418ae8 elementor-widget elementor-widget-iiconbox\" data-id=\"9418ae8\" data-element_type=\"widget\" data-widget_type=\"iiconbox.default\">\n\t\t\t\t<div class=\"elementor-widget-container\">\n\t\t\t\t\t<div class=\"icon-box s3 box-hover-gradient\">\r\n\t\t\t<div class=\"bg-s3\"><\/div>\r\n\t\t\t<div class=\"bg-before\"><\/div>\r\n\t\t\t<div class=\"bg-after\"><\/div>\r\n\t\t\t<div class=\"icon-main\">\r\n\t\t        \t\t        \t<i aria-hidden=\"true\" class=\"fas fa-star\"><\/i>\t\t        \t\t\t    \r\n\t\t\t    \t\t        \t        <\/div>\r\n\t        <div class=\"content-box\">\r\n\t            <h5 class=\"box-title\"><a href=\"https:\/\/mettry.io\/?page_id=109\">Analyse de l'existant<\/a><\/h5>\r\n\t            <p>Nous prenons connaissance des outils en place<\/p>\r\n\t        <\/div>\r\n\t                \t<div class=\"action-box\">\r\n        \t\t<a href=\"https:\/\/mettry.io\/?page_id=109\" class=\"octf-btn octf-btn-icon octf-btn-primary\">En savoir plus<i class=\"flaticon-right-arrow-1\"><\/i><\/a>\r\n        \t<\/div>\r\n\t        \t\r\n\t    <\/div>\r\n\t    \t\t<\/div>\n\t\t\t\t<\/div>\n\t\t\t\t\t<\/div>\n\t\t<\/div>\n\t\t\t\t<div class=\"elementor-column elementor-col-25 elementor-inner-column elementor-element elementor-element-bb546c1 ot-flex-column-vertical\" data-id=\"bb546c1\" data-element_type=\"column\">\n\t\t\t<div class=\"elementor-widget-wrap elementor-element-populated\">\n\t\t\t\t\t\t\t\t<div class=\"elementor-element elementor-element-2b8abbe elementor-widget elementor-widget-iiconbox\" data-id=\"2b8abbe\" data-element_type=\"widget\" data-widget_type=\"iiconbox.default\">\n\t\t\t\t<div class=\"elementor-widget-container\">\n\t\t\t\t\t<div class=\"icon-box s3 box-hover-gradient\">\r\n\t\t\t<div class=\"bg-s3\"><\/div>\r\n\t\t\t<div class=\"bg-before\"><\/div>\r\n\t\t\t<div class=\"bg-after\"><\/div>\r\n\t\t\t<div class=\"icon-main\">\r\n\t\t        \t\t        \t<i aria-hidden=\"true\" class=\"fas fa-star\"><\/i>\t\t        \t\t\t    \r\n\t\t\t    \t\t        \t        <\/div>\r\n\t        <div class=\"content-box\">\r\n\t            <h5 class=\"box-title\"><a href=\"https:\/\/mettry.io\/?page_id=109\">Capacit\u00e9 d'export<\/a><\/h5>\r\n\t            <p>Nous vous aidons \u00e0 exporter vos donn\u00e9es actuelles<\/p>\r\n\t        <\/div>\r\n\t                \t<div class=\"action-box\">\r\n        \t\t<a href=\"https:\/\/mettry.io\/?page_id=109\" class=\"octf-btn octf-btn-icon octf-btn-primary\">En savoir plus<i class=\"flaticon-right-arrow-1\"><\/i><\/a>\r\n        \t<\/div>\r\n\t        \t\r\n\t    <\/div>\r\n\t    \t\t<\/div>\n\t\t\t\t<\/div>\n\t\t\t\t\t<\/div>\n\t\t<\/div>\n\t\t\t\t<div class=\"elementor-column elementor-col-25 elementor-inner-column elementor-element elementor-element-5c14875 ot-flex-column-vertical\" data-id=\"5c14875\" data-element_type=\"column\">\n\t\t\t<div class=\"elementor-widget-wrap elementor-element-populated\">\n\t\t\t\t\t\t\t\t<div class=\"elementor-element elementor-element-c30c094 elementor-widget elementor-widget-iiconbox\" data-id=\"c30c094\" data-element_type=\"widget\" data-widget_type=\"iiconbox.default\">\n\t\t\t\t<div class=\"elementor-widget-container\">\n\t\t\t\t\t<div class=\"icon-box s3 box-hover-gradient\">\r\n\t\t\t<div class=\"bg-s3\"><\/div>\r\n\t\t\t<div class=\"bg-before\"><\/div>\r\n\t\t\t<div class=\"bg-after\"><\/div>\r\n\t\t\t<div class=\"icon-main\">\r\n\t\t        \t\t        \t<i aria-hidden=\"true\" class=\"fas fa-star\"><\/i>\t\t        \t\t\t    \r\n\t\t\t    \t\t        \t        <\/div>\r\n\t        <div class=\"content-box\">\r\n\t            <h5 class=\"box-title\"><a href=\"https:\/\/mettry.io\/?page_id=109\">Import dans Mettry<\/a><\/h5>\r\n\t            <p>Vos fichiers d'exports sont adapt\u00e9s pour \u00eatre import\u00e9s dans Mettry<\/p>\r\n\t        <\/div>\r\n\t                \t<div class=\"action-box\">\r\n        \t\t<a href=\"https:\/\/mettry.io\/?page_id=109\" class=\"octf-btn octf-btn-icon octf-btn-primary\">En savoir plus<i class=\"flaticon-right-arrow-1\"><\/i><\/a>\r\n        \t<\/div>\r\n\t        \t\r\n\t    <\/div>\r\n\t    \t\t<\/div>\n\t\t\t\t<\/div>\n\t\t\t\t\t<\/div>\n\t\t<\/div>\n\t\t\t\t<div class=\"elementor-column elementor-col-25 elementor-inner-column elementor-element elementor-element-fffe1ab ot-flex-column-vertical\" data-id=\"fffe1ab\" data-element_type=\"column\">\n\t\t\t<div class=\"elementor-widget-wrap elementor-element-populated\">\n\t\t\t\t\t\t\t\t<div class=\"elementor-element elementor-element-1ac2d44 elementor-widget elementor-widget-iiconbox\" data-id=\"1ac2d44\" data-element_type=\"widget\" data-widget_type=\"iiconbox.default\">\n\t\t\t\t<div class=\"elementor-widget-container\">\n\t\t\t\t\t<div class=\"icon-box s3 box-hover-gradient\">\r\n\t\t\t<div class=\"bg-s3\"><\/div>\r\n\t\t\t<div class=\"bg-before\"><\/div>\r\n\t\t\t<div class=\"bg-after\"><\/div>\r\n\t\t\t<div class=\"icon-main\">\r\n\t\t        \t\t        \t<i aria-hidden=\"true\" class=\"fas fa-star\"><\/i>\t\t        \t\t\t    \r\n\t\t\t    \t\t        \t        <\/div>\r\n\t        <div class=\"content-box\">\r\n\t            <h5 class=\"box-title\"><a href=\"https:\/\/mettry.io\/?page_id=109\">Contr\u00f4le des donn\u00e9es<\/a><\/h5>\r\n\t            <p>Nous contr\u00f4lons avec vous que les donn\u00e9es sont dans Mettry<\/p>\r\n\t        <\/div>\r\n\t                \t<div class=\"action-box\">\r\n        \t\t<a href=\"https:\/\/mettry.io\/?page_id=109\" class=\"octf-btn octf-btn-icon octf-btn-primary\">En savoir plus<i class=\"flaticon-right-arrow-1\"><\/i><\/a>\r\n        \t<\/div>\r\n\t        \t\r\n\t    <\/div>\r\n\t    \t\t<\/div>\n\t\t\t\t<\/div>\n\t\t\t\t\t<\/div>\n\t\t<\/div>\n\t\t\t\t\t\t\t<\/div>\n\t\t<\/section>\n\t\t\t\t\t<\/div>\n\t\t<\/div>\n\t\t\t\t\t\t\t<\/div>\n\t\t<\/section>\n\t\t\t\t<section class=\"elementor-section elementor-top-section elementor-element elementor-element-88efe96 elementor-section-boxed elementor-section-height-default elementor-section-height-default\" data-id=\"88efe96\" data-element_type=\"section\">\n\t\t\t\t\t\t<div class=\"elementor-container elementor-column-gap-default\">\n\t\t\t\t\t<div class=\"elementor-column elementor-col-100 elementor-top-column elementor-element elementor-element-cb57f96 ot-flex-column-vertical\" data-id=\"cb57f96\" data-element_type=\"column\">\n\t\t\t<div class=\"elementor-widget-wrap elementor-element-populated\">\n\t\t\t\t\t\t\t\t<div class=\"elementor-element elementor-element-8e200e9 elementor-widget elementor-widget-heading\" data-id=\"8e200e9\" data-element_type=\"widget\" data-widget_type=\"heading.default\">\n\t\t\t\t<div class=\"elementor-widget-container\">\n\t\t\t<h2 class=\"elementor-heading-title elementor-size-default\">Services G\u00e9n\u00e9raux, ne bloquez pas l'\u00e9volution de votre SI plus longtemps<\/h2>\t\t<\/div>\n\t\t\t\t<\/div>\n\t\t\t\t<div class=\"elementor-element elementor-element-63d9e74 elementor-widget elementor-widget-heading\" data-id=\"63d9e74\" data-element_type=\"widget\" data-widget_type=\"heading.default\">\n\t\t\t\t<div class=\"elementor-widget-container\">\n\t\t\t<p class=\"elementor-heading-title elementor-size-default\">Nous vous accompagnons \u00e0 chaque \u00e9tape pour une migration r\u00e9ussie<\/p>\t\t<\/div>\n\t\t\t\t<\/div>\n\t\t\t\t<div class=\"elementor-element elementor-element-7bf1709 elementor-align-center elementor-widget elementor-widget-ibutton\" data-id=\"7bf1709\" data-element_type=\"widget\" data-widget_type=\"ibutton.default\">\n\t\t\t\t<div class=\"elementor-widget-container\">\n\t\t\t\t\t<div class=\"ot-button\">\r\n\t\t\t<a href=\"https:\/\/calendly.com\/demo-mettry\/reservation\" class=\"octf-btn octf-btn-primary octf-btn-icon\"><span>Demander une d\u00e9mo<i class=\"flaticon-right-arrow-1\"><\/i><\/span> \r\n\t\t\t\t\t\t\t<\/a>\r\n\t    <\/div>\r\n\t    \t\t<\/div>\n\t\t\t\t<\/div>\n\t\t\t\t\t<\/div>\n\t\t<\/div>\n\t\t\t\t\t\t\t<\/div>\n\t\t<\/section>\n\t\t\t\t\t\t<\/div>\n\t\t\t\t\t<\/div>\n\t\t","protected":false},"excerpt":{"rendered":"<p>On le sait tous Changer d&rsquo;outil, c&rsquo;est perdre son historique et ses donn\u00e9es Parce qu&rsquo;une migration mal orchestr\u00e9e g\u00e9n\u00e8re un risque de pertes important Discutons-en Mais pas avec Mettry ! Nos d\u00e9veloppeurs organisent votre migration Analyse de l&rsquo;existant Nous prenons connaissance des outils en place En savoir plus Capacit\u00e9 d&rsquo;export Nous vous aidons \u00e0 exporter [&hellip;]<\/p>\n","protected":false},"author":2,"featured_media":0,"parent":0,"menu_order":0,"comment_status":"closed","ping_status":"closed","template":"elementor_header_footer","meta":{"footnotes":""},"class_list":["post-5595","page","type-page","status-publish","hentry"],"jetpack_sharing_enabled":true,"_links":{"self":[{"href":"https:\/\/mettry.io\/index.php?rest_route=\/wp\/v2\/pages\/5595","targetHints":{"allow":["GET"]}}],"collection":[{"href":"https:\/\/mettry.io\/index.php?rest_route=\/wp\/v2\/pages"}],"about":[{"href":"https:\/\/mettry.io\/index.php?rest_route=\/wp\/v2\/types\/page"}],"author":[{"embeddable":true,"href":"https:\/\/mettry.io\/index.php?rest_route=\/wp\/v2\/users\/2"}],"replies":[{"embeddable":true,"href":"https:\/\/mettry.io\/index.php?rest_route=%2Fwp%2Fv2%2Fcomments&post=5595"}],"version-history":[{"count":25,"href":"https:\/\/mettry.io\/index.php?rest_route=\/wp\/v2\/pages\/5595\/revisions"}],"predecessor-version":[{"id":5634,"href":"https:\/\/mettry.io\/index.php?rest_route=\/wp\/v2\/pages\/5595\/revisions\/5634"}],"wp:attachment":[{"href":"https:\/\/mettry.io\/index.php?rest_route=%2Fwp%2Fv2%2Fmedia&parent=5595"}],"curies":[{"name":"wp","href":"https:\/\/api.w.org\/{rel}","templated":true}]}}