{"id":1391,"date":"2019-11-25T09:07:40","date_gmt":"2019-11-25T09:07:40","guid":{"rendered":"http:\/\/wpdemo.archiwp.com\/onum\/?page_id=1391"},"modified":"2023-03-03T18:59:07","modified_gmt":"2023-03-03T17:59:07","slug":"blog-grid","status":"publish","type":"page","link":"https:\/\/mettry.io\/?page_id=1391","title":{"rendered":"Blog"},"content":{"rendered":"\t\t<div data-elementor-type=\"wp-page\" data-elementor-id=\"1391\" class=\"elementor elementor-1391\" data-elementor-settings=\"[]\">\n\t\t\t\t\t\t\t<div class=\"elementor-section-wrap\">\n\t\t\t\t\t\t\t<section class=\"elementor-section elementor-top-section elementor-element elementor-element-3819787 elementor-section-boxed elementor-section-height-default elementor-section-height-default\" data-id=\"3819787\" data-element_type=\"section\">\n\t\t\t\t\t\t<div class=\"elementor-container elementor-column-gap-default\">\n\t\t\t\t\t<div class=\"elementor-column elementor-col-100 elementor-top-column elementor-element elementor-element-c401c04 ot-flex-column-vertical\" data-id=\"c401c04\" data-element_type=\"column\">\n\t\t\t<div class=\"elementor-widget-wrap elementor-element-populated\">\n\t\t\t\t\t\t\t\t<div class=\"elementor-element elementor-element-2601836 elementor-widget elementor-widget-spacer\" data-id=\"2601836\" data-element_type=\"widget\" data-widget_type=\"spacer.default\">\n\t\t\t\t<div class=\"elementor-widget-container\">\n\t\t\t\t\t<div class=\"elementor-spacer\">\n\t\t\t<div class=\"elementor-spacer-inner\"><\/div>\n\t\t<\/div>\n\t\t\t\t<\/div>\n\t\t\t\t<\/div>\n\t\t\t\t<div class=\"elementor-element elementor-element-6340ae3 elementor-grid-3 elementor-grid-tablet-2 elementor-grid-mobile-1 elementor-posts--thumbnail-top elementor-posts--show-avatar elementor-card-shadow-yes elementor-posts__hover-gradient elementor-widget elementor-widget-posts\" data-id=\"6340ae3\" data-element_type=\"widget\" data-settings=\"{&quot;cards_columns&quot;:&quot;3&quot;,&quot;cards_columns_tablet&quot;:&quot;2&quot;,&quot;cards_columns_mobile&quot;:&quot;1&quot;,&quot;cards_row_gap&quot;:{&quot;unit&quot;:&quot;px&quot;,&quot;size&quot;:35,&quot;sizes&quot;:[]}}\" data-widget_type=\"posts.cards\">\n\t\t\t\t<div class=\"elementor-widget-container\">\n\t\t\t\t\t<div class=\"elementor-posts-container elementor-posts elementor-posts--skin-cards elementor-grid\">\n\t\t\t\t<article class=\"elementor-post elementor-grid-item post-5401 post type-post status-publish format-standard has-post-thumbnail hentry category-services-generaux category-ticketing tag-maintenance tag-services-generaux tag-ticketing\">\n\t\t\t<div class=\"elementor-post__card\">\n\t\t\t\t<a class=\"elementor-post__thumbnail__link\" href=\"https:\/\/mettry.io\/?p=5401\" target=\"_blank\">\n\t\t\t<div class=\"elementor-post__thumbnail\"><img loading=\"lazy\" decoding=\"async\" width=\"268\" height=\"188\" src=\"https:\/\/mettry.io\/wp-content\/uploads\/2023\/04\/images.png\" class=\"attachment-medium size-medium\" alt=\"\" \/><\/div>\n\t\t<\/a>\n\t\t\t\t<div class=\"elementor-post__badge\">SERVICES GENERAUX<\/div>\n\t\t\t\t<div class=\"elementor-post__avatar\">\n\t\t\t<img alt='Tristan' src='https:\/\/secure.gravatar.com\/avatar\/654f3557bdc4384c251bfd99de720ea1b4852dfbe829a310172f5ffd3a043498?s=128&#038;d=mm&#038;r=g' srcset='https:\/\/secure.gravatar.com\/avatar\/654f3557bdc4384c251bfd99de720ea1b4852dfbe829a310172f5ffd3a043498?s=256&#038;d=mm&#038;r=g 2x' class='avatar avatar-128 photo' height='128' width='128' \/>\t\t<\/div>\n\t\t\t\t<div class=\"elementor-post__text\">\n\t\t\t\t<h3 class=\"elementor-post__title\">\n\t\t\t<a href=\"https:\/\/mettry.io\/?p=5401\" target=\"_blank\">\n\t\t\t\tComment choisir un outil de Ticketing pour les Services G\u00e9n\u00e9raux ?\t\t\t<\/a>\n\t\t<\/h3>\n\t\t\t\t<div class=\"elementor-post__excerpt\">\n\t\t\t<p>\u00c7a y est, la d\u00e9cision est valid\u00e9e&nbsp;: vous allez mettre en place un outil de suivi des demandes d\u2019intervention pour vous aider dans la gestion<\/p>\n\t\t<\/div>\n\t\t\t\t\t<a class=\"elementor-post__read-more\" href=\"https:\/\/mettry.io\/?p=5401\" target=\"_blank\">\n\t\t\t\tLire l'article \u00bb\t\t\t<\/a>\n\t\t\t\t<\/div>\n\t\t\t\t<div class=\"elementor-post__meta-data\">\n\t\t\t\t\t<span class=\"elementor-post-author\">\n\t\t\tTristan\t\t<\/span>\n\t\t\t\t<span class=\"elementor-post-date\">\n\t\t\t14 avril 2023\t\t<\/span>\n\t\t\t\t<\/div>\n\t\t\t\t\t<\/div>\n\t\t<\/article>\n\t\t\t\t<article class=\"elementor-post elementor-grid-item post-5378 post type-post status-publish format-standard has-post-thumbnail hentry category-maintenance category-services-generaux tag-maintenance tag-services-generaux\">\n\t\t\t<div class=\"elementor-post__card\">\n\t\t\t\t<a class=\"elementor-post__thumbnail__link\" href=\"https:\/\/mettry.io\/?p=5378\" target=\"_blank\">\n\t\t\t<div class=\"elementor-post__thumbnail\"><img loading=\"lazy\" decoding=\"async\" width=\"300\" height=\"210\" src=\"https:\/\/mettry.io\/wp-content\/uploads\/2023\/04\/Les-etapes-dune-etude-de-marche1-300x210.jpg\" class=\"attachment-medium size-medium\" alt=\"\" srcset=\"https:\/\/mettry.io\/wp-content\/uploads\/2023\/04\/Les-etapes-dune-etude-de-marche1-300x210.jpg 300w, https:\/\/mettry.io\/wp-content\/uploads\/2023\/04\/Les-etapes-dune-etude-de-marche1.jpg 400w\" sizes=\"auto, (max-width: 300px) 100vw, 300px\" \/><\/div>\n\t\t<\/a>\n\t\t\t\t<div class=\"elementor-post__badge\">MAINTENANCE<\/div>\n\t\t\t\t<div class=\"elementor-post__avatar\">\n\t\t\t<img alt='Tristan' src='https:\/\/secure.gravatar.com\/avatar\/654f3557bdc4384c251bfd99de720ea1b4852dfbe829a310172f5ffd3a043498?s=128&#038;d=mm&#038;r=g' srcset='https:\/\/secure.gravatar.com\/avatar\/654f3557bdc4384c251bfd99de720ea1b4852dfbe829a310172f5ffd3a043498?s=256&#038;d=mm&#038;r=g 2x' class='avatar avatar-128 photo' height='128' width='128' \/>\t\t<\/div>\n\t\t\t\t<div class=\"elementor-post__text\">\n\t\t\t\t<h3 class=\"elementor-post__title\">\n\t\t\t<a href=\"https:\/\/mettry.io\/?p=5378\" target=\"_blank\">\n\t\t\t\t6 crit\u00e8res pour s\u00e9lectionner un prestataire multitechnique\t\t\t<\/a>\n\t\t<\/h3>\n\t\t\t\t<div class=\"elementor-post__excerpt\">\n\t\t\t<p>Vous \u00eates en plein appel d\u2019offres&nbsp;pour trouver votre prochain prestataire multitechnique&nbsp;? Les m\u00e9moires techniques peuvent parfois s\u2019av\u00e9rer tr\u00e8s lourds et d\u00e9m\u00ealer l\u2019essentiel de ce qui<\/p>\n\t\t<\/div>\n\t\t\t\t\t<a class=\"elementor-post__read-more\" href=\"https:\/\/mettry.io\/?p=5378\" target=\"_blank\">\n\t\t\t\tLire l'article \u00bb\t\t\t<\/a>\n\t\t\t\t<\/div>\n\t\t\t\t<div class=\"elementor-post__meta-data\">\n\t\t\t\t\t<span class=\"elementor-post-author\">\n\t\t\tTristan\t\t<\/span>\n\t\t\t\t<span class=\"elementor-post-date\">\n\t\t\t4 avril 2023\t\t<\/span>\n\t\t\t\t<\/div>\n\t\t\t\t\t<\/div>\n\t\t<\/article>\n\t\t\t\t<article class=\"elementor-post elementor-grid-item post-5372 post type-post status-publish format-standard has-post-thumbnail hentry category-contrats category-services-generaux tag-contrats tag-services-generaux\">\n\t\t\t<div class=\"elementor-post__card\">\n\t\t\t\t<a class=\"elementor-post__thumbnail__link\" href=\"https:\/\/mettry.io\/?p=5372\" target=\"_blank\">\n\t\t\t<div class=\"elementor-post__thumbnail\"><img loading=\"lazy\" decoding=\"async\" width=\"300\" height=\"225\" src=\"https:\/\/mettry.io\/wp-content\/uploads\/2023\/03\/contract-300x225.jpg\" class=\"attachment-medium size-medium\" alt=\"\" srcset=\"https:\/\/mettry.io\/wp-content\/uploads\/2023\/03\/contract-300x225.jpg 300w, https:\/\/mettry.io\/wp-content\/uploads\/2023\/03\/contract-1024x768.jpg 1024w, https:\/\/mettry.io\/wp-content\/uploads\/2023\/03\/contract-768x576.jpg 768w, https:\/\/mettry.io\/wp-content\/uploads\/2023\/03\/contract.jpg 1200w\" sizes=\"auto, (max-width: 300px) 100vw, 300px\" \/><\/div>\n\t\t<\/a>\n\t\t\t\t<div class=\"elementor-post__badge\">CONTRATS<\/div>\n\t\t\t\t<div class=\"elementor-post__avatar\">\n\t\t\t<img alt='Tristan' src='https:\/\/secure.gravatar.com\/avatar\/654f3557bdc4384c251bfd99de720ea1b4852dfbe829a310172f5ffd3a043498?s=128&#038;d=mm&#038;r=g' srcset='https:\/\/secure.gravatar.com\/avatar\/654f3557bdc4384c251bfd99de720ea1b4852dfbe829a310172f5ffd3a043498?s=256&#038;d=mm&#038;r=g 2x' class='avatar avatar-128 photo' height='128' width='128' \/>\t\t<\/div>\n\t\t\t\t<div class=\"elementor-post__text\">\n\t\t\t\t<h3 class=\"elementor-post__title\">\n\t\t\t<a href=\"https:\/\/mettry.io\/?p=5372\" target=\"_blank\">\n\t\t\t\tLa gestion des contrats, parent pauvre des Services G\u00e9n\u00e9raux\t\t\t<\/a>\n\t\t<\/h3>\n\t\t\t\t<div class=\"elementor-post__excerpt\">\n\t\t\t<p>Il faut bien reconna\u00eetre que r\u00e9diger des contrats ne fait pas partie des t\u00e2ches les plus passionnantes de nos m\u00e9tiers. Ainsi, quand il est possible<\/p>\n\t\t<\/div>\n\t\t\t\t\t<a class=\"elementor-post__read-more\" href=\"https:\/\/mettry.io\/?p=5372\" target=\"_blank\">\n\t\t\t\tLire l'article \u00bb\t\t\t<\/a>\n\t\t\t\t<\/div>\n\t\t\t\t<div class=\"elementor-post__meta-data\">\n\t\t\t\t\t<span class=\"elementor-post-author\">\n\t\t\tTristan\t\t<\/span>\n\t\t\t\t<span class=\"elementor-post-date\">\n\t\t\t25 mars 2023\t\t<\/span>\n\t\t\t\t<\/div>\n\t\t\t\t\t<\/div>\n\t\t<\/article>\n\t\t\t\t<article class=\"elementor-post elementor-grid-item post-5359 post type-post status-publish format-standard has-post-thumbnail hentry category-efficacite-energetique\">\n\t\t\t<div class=\"elementor-post__card\">\n\t\t\t\t<a class=\"elementor-post__thumbnail__link\" href=\"https:\/\/mettry.io\/?p=5359\" target=\"_blank\">\n\t\t\t<div class=\"elementor-post__thumbnail\"><img loading=\"lazy\" decoding=\"async\" width=\"300\" height=\"200\" src=\"https:\/\/mettry.io\/wp-content\/uploads\/2023\/03\/picture-14-300x200.jpg\" class=\"attachment-medium size-medium\" alt=\"\" srcset=\"https:\/\/mettry.io\/wp-content\/uploads\/2023\/03\/picture-14-300x200.jpg 300w, https:\/\/mettry.io\/wp-content\/uploads\/2023\/03\/picture-14-1024x683.jpg 1024w, https:\/\/mettry.io\/wp-content\/uploads\/2023\/03\/picture-14-768x512.jpg 768w, https:\/\/mettry.io\/wp-content\/uploads\/2023\/03\/picture-14-1536x1024.jpg 1536w, https:\/\/mettry.io\/wp-content\/uploads\/2023\/03\/picture-14-2048x1365.jpg 2048w, https:\/\/mettry.io\/wp-content\/uploads\/2023\/03\/picture-14-750x500.jpg 750w\" sizes=\"auto, (max-width: 300px) 100vw, 300px\" \/><\/div>\n\t\t<\/a>\n\t\t\t\t<div class=\"elementor-post__badge\">Efficacit\u00e9 \u00e9nerg\u00e9tique<\/div>\n\t\t\t\t<div class=\"elementor-post__avatar\">\n\t\t\t<img alt='Tristan' src='https:\/\/secure.gravatar.com\/avatar\/654f3557bdc4384c251bfd99de720ea1b4852dfbe829a310172f5ffd3a043498?s=128&#038;d=mm&#038;r=g' srcset='https:\/\/secure.gravatar.com\/avatar\/654f3557bdc4384c251bfd99de720ea1b4852dfbe829a310172f5ffd3a043498?s=256&#038;d=mm&#038;r=g 2x' class='avatar avatar-128 photo' height='128' width='128' \/>\t\t<\/div>\n\t\t\t\t<div class=\"elementor-post__text\">\n\t\t\t\t<h3 class=\"elementor-post__title\">\n\t\t\t<a href=\"https:\/\/mettry.io\/?p=5359\" target=\"_blank\">\n\t\t\t\tEconomies d&rsquo;\u00e9nergie : De l&rsquo;or dans vos installations techniques\t\t\t<\/a>\n\t\t<\/h3>\n\t\t\t\t<div class=\"elementor-post__excerpt\">\n\t\t\t<p>A quoi pense-t-on en premier quand on parle de r\u00e9novation \u00e9nerg\u00e9tique des b\u00e2timents&nbsp;? Presque syst\u00e9matiquement le levier d\u2019action qui vient \u00e0 l\u2019esprit c\u2019est bien-s\u00fbr l\u2019isolation<\/p>\n\t\t<\/div>\n\t\t\t\t\t<a class=\"elementor-post__read-more\" href=\"https:\/\/mettry.io\/?p=5359\" target=\"_blank\">\n\t\t\t\tLire l'article \u00bb\t\t\t<\/a>\n\t\t\t\t<\/div>\n\t\t\t\t<div class=\"elementor-post__meta-data\">\n\t\t\t\t\t<span class=\"elementor-post-author\">\n\t\t\tTristan\t\t<\/span>\n\t\t\t\t<span class=\"elementor-post-date\">\n\t\t\t13 mars 2023\t\t<\/span>\n\t\t\t\t<\/div>\n\t\t\t\t\t<\/div>\n\t\t<\/article>\n\t\t\t\t<article class=\"elementor-post elementor-grid-item post-5338 post type-post status-publish format-standard has-post-thumbnail hentry category-maintenance tag-maintenance\">\n\t\t\t<div class=\"elementor-post__card\">\n\t\t\t\t<a class=\"elementor-post__thumbnail__link\" href=\"https:\/\/mettry.io\/?p=5338\" target=\"_blank\">\n\t\t\t<div class=\"elementor-post__thumbnail\"><img loading=\"lazy\" decoding=\"async\" width=\"300\" height=\"169\" src=\"https:\/\/mettry.io\/wp-content\/uploads\/2023\/03\/pompe-a-chaleur-300x169.jpeg\" class=\"attachment-medium size-medium\" alt=\"\" srcset=\"https:\/\/mettry.io\/wp-content\/uploads\/2023\/03\/pompe-a-chaleur-300x169.jpeg 300w, https:\/\/mettry.io\/wp-content\/uploads\/2023\/03\/pompe-a-chaleur.jpeg 640w\" sizes=\"auto, (max-width: 300px) 100vw, 300px\" \/><\/div>\n\t\t<\/a>\n\t\t\t\t<div class=\"elementor-post__badge\">MAINTENANCE<\/div>\n\t\t\t\t<div class=\"elementor-post__avatar\">\n\t\t\t<img alt='Tristan' src='https:\/\/secure.gravatar.com\/avatar\/654f3557bdc4384c251bfd99de720ea1b4852dfbe829a310172f5ffd3a043498?s=128&#038;d=mm&#038;r=g' srcset='https:\/\/secure.gravatar.com\/avatar\/654f3557bdc4384c251bfd99de720ea1b4852dfbe829a310172f5ffd3a043498?s=256&#038;d=mm&#038;r=g 2x' class='avatar avatar-128 photo' height='128' width='128' \/>\t\t<\/div>\n\t\t\t\t<div class=\"elementor-post__text\">\n\t\t\t\t<h3 class=\"elementor-post__title\">\n\t\t\t<a href=\"https:\/\/mettry.io\/?p=5338\" target=\"_blank\">\n\t\t\t\tL&rsquo;importance des analyses physico-chimiques pour les Services G\u00e9n\u00e9raux\t\t\t<\/a>\n\t\t<\/h3>\n\t\t\t\t<div class=\"elementor-post__excerpt\">\n\t\t\t<p>S\u2019il est un sujet technique parmi les sujets techniques c\u2019est bien celui des analyses physico-chimiques. Pour tous ceux qui ont d\u00e9j\u00e0 vus des r\u00e9sultats de<\/p>\n\t\t<\/div>\n\t\t\t\t\t<a class=\"elementor-post__read-more\" href=\"https:\/\/mettry.io\/?p=5338\" target=\"_blank\">\n\t\t\t\tLire l'article \u00bb\t\t\t<\/a>\n\t\t\t\t<\/div>\n\t\t\t\t<div class=\"elementor-post__meta-data\">\n\t\t\t\t\t<span class=\"elementor-post-author\">\n\t\t\tTristan\t\t<\/span>\n\t\t\t\t<span class=\"elementor-post-date\">\n\t\t\t7 mars 2023\t\t<\/span>\n\t\t\t\t<\/div>\n\t\t\t\t\t<\/div>\n\t\t<\/article>\n\t\t\t\t<article class=\"elementor-post elementor-grid-item post-5325 post type-post status-publish format-standard has-post-thumbnail hentry category-gtb category-smart-building tag-batiment-intelligents tag-capteurs tag-gtb\">\n\t\t\t<div class=\"elementor-post__card\">\n\t\t\t\t<a class=\"elementor-post__thumbnail__link\" href=\"https:\/\/mettry.io\/?p=5325\" target=\"_blank\">\n\t\t\t<div class=\"elementor-post__thumbnail\"><img loading=\"lazy\" decoding=\"async\" width=\"300\" height=\"200\" src=\"https:\/\/mettry.io\/wp-content\/uploads\/2023\/03\/domotik-e1678092401340-300x200.jpg\" class=\"attachment-medium size-medium\" alt=\"\" srcset=\"https:\/\/mettry.io\/wp-content\/uploads\/2023\/03\/domotik-e1678092401340-300x200.jpg 300w, https:\/\/mettry.io\/wp-content\/uploads\/2023\/03\/domotik-e1678092401340.jpg 615w\" sizes=\"auto, (max-width: 300px) 100vw, 300px\" \/><\/div>\n\t\t<\/a>\n\t\t\t\t<div class=\"elementor-post__badge\">GTB<\/div>\n\t\t\t\t<div class=\"elementor-post__avatar\">\n\t\t\t<img alt='Tristan' src='https:\/\/secure.gravatar.com\/avatar\/654f3557bdc4384c251bfd99de720ea1b4852dfbe829a310172f5ffd3a043498?s=128&#038;d=mm&#038;r=g' srcset='https:\/\/secure.gravatar.com\/avatar\/654f3557bdc4384c251bfd99de720ea1b4852dfbe829a310172f5ffd3a043498?s=256&#038;d=mm&#038;r=g 2x' class='avatar avatar-128 photo' height='128' width='128' \/>\t\t<\/div>\n\t\t\t\t<div class=\"elementor-post__text\">\n\t\t\t\t<h3 class=\"elementor-post__title\">\n\t\t\t<a href=\"https:\/\/mettry.io\/?p=5325\" target=\"_blank\">\n\t\t\t\tRedonner sa chance \u00e0 la GTB\t\t\t<\/a>\n\t\t<\/h3>\n\t\t\t\t<div class=\"elementor-post__excerpt\">\n\t\t\t<p>Il y a encore une dizaine d\u2019ann\u00e9es parler de GTB c\u2019\u00e9tait in\u00e9vitablement faire apparaitre un sourire sur le visage de votre interlocuteur qui, au terme<\/p>\n\t\t<\/div>\n\t\t\t\t\t<a class=\"elementor-post__read-more\" href=\"https:\/\/mettry.io\/?p=5325\" target=\"_blank\">\n\t\t\t\tLire l'article \u00bb\t\t\t<\/a>\n\t\t\t\t<\/div>\n\t\t\t\t<div class=\"elementor-post__meta-data\">\n\t\t\t\t\t<span class=\"elementor-post-author\">\n\t\t\tTristan\t\t<\/span>\n\t\t\t\t<span class=\"elementor-post-date\">\n\t\t\t6 mars 2023\t\t<\/span>\n\t\t\t\t<\/div>\n\t\t\t\t\t<\/div>\n\t\t<\/article>\n\t\t\t\t<\/div>\n\t\t\t\t<\/div>\n\t\t\t\t<\/div>\n\t\t\t\t<div class=\"elementor-element elementor-element-306eb20 elementor-widget elementor-widget-spacer\" data-id=\"306eb20\" data-element_type=\"widget\" data-widget_type=\"spacer.default\">\n\t\t\t\t<div class=\"elementor-widget-container\">\n\t\t\t\t\t<div class=\"elementor-spacer\">\n\t\t\t<div class=\"elementor-spacer-inner\"><\/div>\n\t\t<\/div>\n\t\t\t\t<\/div>\n\t\t\t\t<\/div>\n\t\t\t\t\t<\/div>\n\t\t<\/div>\n\t\t\t\t\t\t\t<\/div>\n\t\t<\/section>\n\t\t\t\t\t\t<\/div>\n\t\t\t\t\t<\/div>\n\t\t","protected":false},"excerpt":{"rendered":"","protected":false},"author":1,"featured_media":0,"parent":0,"menu_order":0,"comment_status":"closed","ping_status":"closed","template":"","meta":{"footnotes":""},"class_list":["post-1391","page","type-page","status-publish","hentry"],"jetpack_sharing_enabled":true,"_links":{"self":[{"href":"https:\/\/mettry.io\/index.php?rest_route=\/wp\/v2\/pages\/1391","targetHints":{"allow":["GET"]}}],"collection":[{"href":"https:\/\/mettry.io\/index.php?rest_route=\/wp\/v2\/pages"}],"about":[{"href":"https:\/\/mettry.io\/index.php?rest_route=\/wp\/v2\/types\/page"}],"author":[{"embeddable":true,"href":"https:\/\/mettry.io\/index.php?rest_route=\/wp\/v2\/users\/1"}],"replies":[{"embeddable":true,"href":"https:\/\/mettry.io\/index.php?rest_route=%2Fwp%2Fv2%2Fcomments&post=1391"}],"version-history":[{"count":59,"href":"https:\/\/mettry.io\/index.php?rest_route=\/wp\/v2\/pages\/1391\/revisions"}],"predecessor-version":[{"id":5201,"href":"https:\/\/mettry.io\/index.php?rest_route=\/wp\/v2\/pages\/1391\/revisions\/5201"}],"wp:attachment":[{"href":"https:\/\/mettry.io\/index.php?rest_route=%2Fwp%2Fv2%2Fmedia&parent=1391"}],"curies":[{"name":"wp","href":"https:\/\/api.w.org\/{rel}","templated":true}]}}